{"id":8906,"date":"2021-04-25T13:11:20","date_gmt":"2021-04-25T10:11:20","guid":{"rendered":"https:\/\/www.tlulib.ee\/for-reader\/lugejaks-registreeruminereader-registration\/"},"modified":"2026-04-07T13:20:40","modified_gmt":"2026-04-07T10:20:40","slug":"reader-registration","status":"publish","type":"page","link":"https:\/\/www.tlulib.ee\/en\/for-reader\/reader-registration\/","title":{"rendered":"Reader registration"},"content":{"rendered":"\t\t<div data-elementor-type=\"wp-page\" data-elementor-id=\"8906\" class=\"elementor elementor-8906 elementor-70\" data-elementor-post-type=\"page\">\n\t\t\t\t\t\t<section class=\"elementor-section elementor-top-section elementor-element elementor-element-bfc846e elementor-section-full_width elementor-section-height-default elementor-section-height-default\" data-id=\"bfc846e\" data-element_type=\"section\">\n\t\t\t\t\t\t<div class=\"elementor-container elementor-column-gap-default\">\n\t\t\t\t\t<div class=\"elementor-column elementor-col-100 elementor-top-column elementor-element elementor-element-534e472\" data-id=\"534e472\" data-element_type=\"column\">\n\t\t\t<div class=\"elementor-widget-wrap elementor-element-populated\">\n\t\t\t\t\t\t<div class=\"elementor-element elementor-element-9a744d9 elementor-widget elementor-widget-text-editor\" data-id=\"9a744d9\" data-element_type=\"widget\" data-widget_type=\"text-editor.default\">\n\t\t\t\t<div class=\"elementor-widget-container\">\n\t\t\t\t\t\t\t\t\t<p><span style=\"font-weight: 400;\">You can register to our library using the <\/span><a href=\"https:\/\/login.ester.ee\/registrations\/select?library=43&amp;locale=en&amp;service=https%3A%2F%2Fwww.ester.ee%2Fpatroninfo~S1%2F\" target=\"_blank\" rel=\"noopener\"><span style=\"font-weight: 400;\">online form<\/span><\/a><span style=\"font-weight: 400;\"> on our home page (if you are 16 or older) or at the reception desk at the TLU Academic Library at R\u00e4vala ave 10<\/span>.<\/p>\n<p><span style=\"font-weight: 400;\">You need an ID-card or a valid Smart-ID or Mobile-ID account and your PIN codes in order to fill out and sign the <\/span><b>online registration form<\/b><span style=\"font-weight: 400;\">.<\/span><\/p>\n<p><span style=\"font-weight: 400;\">When registering at the library reception desk, don&#8217;t forget to bring<\/span><\/p>\n<ul>\n<li><span style=\"font-weight: 400;\">identification (ID-card, passport, driver&#8217;s license)<\/span>;<\/li>\n<li><span style=\"font-weight: 400;\">proof of (completed or ongoing) secondary or higher education, such as a student card<\/span>.<\/li>\n<\/ul>\n<p><span style=\"font-weight: 400;\">When registering at the library, your account will be registered onto your <\/span><b>ID-card or residence permit<\/b><span style=\"font-weight: 400;\"> (for free) or a separate <\/span><b>library card<\/b><span style=\"font-weight: 400;\"> (free for TLU students and employees, \u20ac2 for others).<\/span><\/p>\n<p><span style=\"font-weight: 400;\">By registering, the patron confirms their agreement to the <a href=\"https:\/\/www.tlulib.ee\/en\/rules\/\">library rules of use<\/a>\u00a0with their signature.<\/span><\/p>\n<p>&nbsp;<\/p>\n\t\t\t\t\t\t\t\t<\/div>\n\t\t\t\t<\/div>\n\t\t\t\t\t<\/div>\n\t\t<\/div>\n\t\t\t\t\t<\/div>\n\t\t<\/section>\n\t\t\t\t<\/div>\n\t\t","protected":false},"excerpt":{"rendered":"<p>You can register to our library using the online form on our home page (if you are 16 or older) or at the reception desk at the TLU Academic Library at R\u00e4vala ave 10. You need an ID-card or a valid Smart-ID or Mobile-ID account and your PIN codes in order to fill out and [&hellip;]<\/p>\n","protected":false},"author":1,"featured_media":0,"parent":8904,"menu_order":0,"comment_status":"closed","ping_status":"closed","template":"","meta":{"site-sidebar-layout":"no-sidebar","site-content-layout":"page-builder","ast-site-content-layout":"default","site-content-style":"default","site-sidebar-style":"default","ast-global-header-display":"","ast-banner-title-visibility":"","ast-main-header-display":"","ast-hfb-above-header-display":"","ast-hfb-below-header-display":"","ast-hfb-mobile-header-display":"","site-post-title":"disabled","ast-breadcrumbs-content":"","ast-featured-img":"disabled","footer-sml-layout":"","ast-disable-related-posts":"","theme-transparent-header-meta":"default","adv-header-id-meta":"","stick-header-meta":"","header-above-stick-meta":"","header-main-stick-meta":"","header-below-stick-meta":"","astra-migrate-meta-layouts":"default","ast-page-background-enabled":"default","ast-page-background-meta":{"desktop":{"background-color":"","background-image":"","background-repeat":"repeat","background-position":"center center","background-size":"auto","background-attachment":"scroll","background-type":"","background-media":"","overlay-type":"","overlay-color":"","overlay-opacity":"","overlay-gradient":""},"tablet":{"background-color":"","background-image":"","background-repeat":"repeat","background-position":"center center","background-size":"auto","background-attachment":"scroll","background-type":"","background-media":"","overlay-type":"","overlay-color":"","overlay-opacity":"","overlay-gradient":""},"mobile":{"background-color":"","background-image":"","background-repeat":"repeat","background-position":"center center","background-size":"auto","background-attachment":"scroll","background-type":"","background-media":"","overlay-type":"","overlay-color":"","overlay-opacity":"","overlay-gradient":""}},"ast-content-background-meta":{"desktop":{"background-color":"var(--ast-global-color-5)","background-image":"","background-repeat":"repeat","background-position":"center center","background-size":"auto","background-attachment":"scroll","background-type":"","background-media":"","overlay-type":"","overlay-color":"","overlay-opacity":"","overlay-gradient":""},"tablet":{"background-color":"var(--ast-global-color-5)","background-image":"","background-repeat":"repeat","background-position":"center center","background-size":"auto","background-attachment":"scroll","background-type":"","background-media":"","overlay-type":"","overlay-color":"","overlay-opacity":"","overlay-gradient":""},"mobile":{"background-color":"var(--ast-global-color-5)","background-image":"","background-repeat":"repeat","background-position":"center center","background-size":"auto","background-attachment":"scroll","background-type":"","background-media":"","overlay-type":"","overlay-color":"","overlay-opacity":"","overlay-gradient":""}},"footnotes":""},"class_list":["post-8906","page","type-page","status-publish","hentry"],"yoast_head":"<!-- This site is optimized with the Yoast SEO plugin v26.8 - https:\/\/yoast.com\/product\/yoast-seo-wordpress\/ -->\n<title>Reader registration &#8212; Tallinna \u00dclikooli Akadeemiline Raamatukogu<\/title>\n<meta name=\"description\" content=\"TL\u00dc Akadeemilise Raamatukogu lugejaks saad end registreerida kodulehel oleva veebivormi kaudu v\u00f5i teadusraamatukogu infoletis.\" \/>\n<meta name=\"robots\" content=\"index, follow, max-snippet:-1, max-image-preview:large, max-video-preview:-1\" \/>\n<link rel=\"canonical\" href=\"https:\/\/www.tlulib.ee\/en\/for-reader\/reader-registration\/\" \/>\n<meta property=\"og:locale\" content=\"en_US\" \/>\n<meta property=\"og:type\" content=\"article\" \/>\n<meta property=\"og:title\" content=\"Reader registration &#8212; Tallinna \u00dclikooli Akadeemiline Raamatukogu\" \/>\n<meta property=\"og:description\" content=\"TL\u00dc Akadeemilise Raamatukogu lugejaks saad end registreerida kodulehel oleva veebivormi kaudu v\u00f5i teadusraamatukogu infoletis.\" \/>\n<meta property=\"og:url\" content=\"https:\/\/www.tlulib.ee\/en\/for-reader\/reader-registration\/\" \/>\n<meta property=\"og:site_name\" content=\"Tallinna \u00dclikooli Akadeemiline Raamatukogu\" \/>\n<meta property=\"article:publisher\" content=\"https:\/\/www.facebook.com\/TLYAR\" \/>\n<meta property=\"article:modified_time\" content=\"2026-04-07T10:20:40+00:00\" \/>\n<meta property=\"og:image\" content=\"https:\/\/www.tlulib.ee\/wp-content\/uploads\/2025\/11\/akadeemiline_raamatukogu_logo.png\" \/>\n\t<meta property=\"og:image:width\" content=\"2339\" \/>\n\t<meta property=\"og:image:height\" content=\"1654\" \/>\n\t<meta property=\"og:image:type\" content=\"image\/png\" \/>\n<meta name=\"twitter:card\" content=\"summary_large_image\" \/>\n<meta name=\"twitter:site\" content=\"@library\" \/>\n<meta name=\"twitter:label1\" content=\"Est. reading time\" \/>\n\t<meta name=\"twitter:data1\" content=\"1 minute\" \/>\n<script type=\"application\/ld+json\" class=\"yoast-schema-graph\">{\"@context\":\"https:\/\/schema.org\",\"@graph\":[{\"@type\":\"WebPage\",\"@id\":\"https:\/\/www.tlulib.ee\/en\/for-reader\/reader-registration\/\",\"url\":\"https:\/\/www.tlulib.ee\/en\/for-reader\/reader-registration\/\",\"name\":\"Reader registration &#8212; Tallinna \u00dclikooli Akadeemiline Raamatukogu\",\"isPartOf\":{\"@id\":\"https:\/\/www.tlulib.ee\/#website\"},\"datePublished\":\"2021-04-25T10:11:20+00:00\",\"dateModified\":\"2026-04-07T10:20:40+00:00\",\"description\":\"TL\u00dc Akadeemilise Raamatukogu lugejaks saad end registreerida kodulehel oleva veebivormi kaudu v\u00f5i teadusraamatukogu infoletis.\",\"breadcrumb\":{\"@id\":\"https:\/\/www.tlulib.ee\/en\/for-reader\/reader-registration\/#breadcrumb\"},\"inLanguage\":\"en-US\",\"potentialAction\":[{\"@type\":\"ReadAction\",\"target\":[\"https:\/\/www.tlulib.ee\/en\/for-reader\/reader-registration\/\"]}]},{\"@type\":\"BreadcrumbList\",\"@id\":\"https:\/\/www.tlulib.ee\/en\/for-reader\/reader-registration\/#breadcrumb\",\"itemListElement\":[{\"@type\":\"ListItem\",\"position\":1,\"name\":\"Home\",\"item\":\"https:\/\/www.tlulib.ee\/en\/\"},{\"@type\":\"ListItem\",\"position\":2,\"name\":\"For reader\",\"item\":\"https:\/\/www.tlulib.ee\/en\/for-reader\/\"},{\"@type\":\"ListItem\",\"position\":3,\"name\":\"Reader registration\"}]},{\"@type\":\"WebSite\",\"@id\":\"https:\/\/www.tlulib.ee\/#website\",\"url\":\"https:\/\/www.tlulib.ee\/\",\"name\":\"Tallinna \u00dclikooli Akadeemiline Raamatukogu\",\"description\":\"Tallinna \u00dclikooli Akadeemiline Raamatukogu\",\"publisher\":{\"@id\":\"https:\/\/www.tlulib.ee\/#organization\"},\"potentialAction\":[{\"@type\":\"SearchAction\",\"target\":{\"@type\":\"EntryPoint\",\"urlTemplate\":\"https:\/\/www.tlulib.ee\/?s={search_term_string}\"},\"query-input\":{\"@type\":\"PropertyValueSpecification\",\"valueRequired\":true,\"valueName\":\"search_term_string\"}}],\"inLanguage\":\"en-US\"},{\"@type\":\"Organization\",\"@id\":\"https:\/\/www.tlulib.ee\/#organization\",\"name\":\"Tallinna \u00dclikooli Akadeemiline raamatukogu\",\"url\":\"https:\/\/www.tlulib.ee\/\",\"logo\":{\"@type\":\"ImageObject\",\"inLanguage\":\"en-US\",\"@id\":\"https:\/\/www.tlulib.ee\/#\/schema\/logo\/image\/\",\"url\":\"https:\/\/www.tlulib.ee\/wp-content\/uploads\/2020\/12\/Raamatukogu-logo-EST.svg\",\"contentUrl\":\"https:\/\/www.tlulib.ee\/wp-content\/uploads\/2020\/12\/Raamatukogu-logo-EST.svg\",\"width\":1,\"height\":1,\"caption\":\"Tallinna \u00dclikooli Akadeemiline raamatukogu\"},\"image\":{\"@id\":\"https:\/\/www.tlulib.ee\/#\/schema\/logo\/image\/\"},\"sameAs\":[\"https:\/\/www.facebook.com\/TLYAR\",\"https:\/\/x.com\/library\",\"https:\/\/www.youtube.com\/channel\/UCO0ocGxeAb7vnQcPHfJp62Q\",\"https:\/\/et.wikipedia.org\/wiki\/Tallinna_\u00dclikooli_Akadeemiline_Raamatukogu\"]}]}<\/script>\n<!-- \/ Yoast SEO plugin. -->","yoast_head_json":{"title":"Reader registration &#8212; Tallinna \u00dclikooli Akadeemiline Raamatukogu","description":"TL\u00dc Akadeemilise Raamatukogu lugejaks saad end registreerida kodulehel oleva veebivormi kaudu v\u00f5i teadusraamatukogu infoletis.","robots":{"index":"index","follow":"follow","max-snippet":"max-snippet:-1","max-image-preview":"max-image-preview:large","max-video-preview":"max-video-preview:-1"},"canonical":"https:\/\/www.tlulib.ee\/en\/for-reader\/reader-registration\/","og_locale":"en_US","og_type":"article","og_title":"Reader registration &#8212; Tallinna \u00dclikooli Akadeemiline Raamatukogu","og_description":"TL\u00dc Akadeemilise Raamatukogu lugejaks saad end registreerida kodulehel oleva veebivormi kaudu v\u00f5i teadusraamatukogu infoletis.","og_url":"https:\/\/www.tlulib.ee\/en\/for-reader\/reader-registration\/","og_site_name":"Tallinna \u00dclikooli Akadeemiline Raamatukogu","article_publisher":"https:\/\/www.facebook.com\/TLYAR","article_modified_time":"2026-04-07T10:20:40+00:00","og_image":[{"width":2339,"height":1654,"url":"https:\/\/www.tlulib.ee\/wp-content\/uploads\/2025\/11\/akadeemiline_raamatukogu_logo.png","type":"image\/png"}],"twitter_card":"summary_large_image","twitter_site":"@library","twitter_misc":{"Est. reading time":"1 minute"},"schema":{"@context":"https:\/\/schema.org","@graph":[{"@type":"WebPage","@id":"https:\/\/www.tlulib.ee\/en\/for-reader\/reader-registration\/","url":"https:\/\/www.tlulib.ee\/en\/for-reader\/reader-registration\/","name":"Reader registration &#8212; Tallinna \u00dclikooli Akadeemiline Raamatukogu","isPartOf":{"@id":"https:\/\/www.tlulib.ee\/#website"},"datePublished":"2021-04-25T10:11:20+00:00","dateModified":"2026-04-07T10:20:40+00:00","description":"TL\u00dc Akadeemilise Raamatukogu lugejaks saad end registreerida kodulehel oleva veebivormi kaudu v\u00f5i teadusraamatukogu infoletis.","breadcrumb":{"@id":"https:\/\/www.tlulib.ee\/en\/for-reader\/reader-registration\/#breadcrumb"},"inLanguage":"en-US","potentialAction":[{"@type":"ReadAction","target":["https:\/\/www.tlulib.ee\/en\/for-reader\/reader-registration\/"]}]},{"@type":"BreadcrumbList","@id":"https:\/\/www.tlulib.ee\/en\/for-reader\/reader-registration\/#breadcrumb","itemListElement":[{"@type":"ListItem","position":1,"name":"Home","item":"https:\/\/www.tlulib.ee\/en\/"},{"@type":"ListItem","position":2,"name":"For reader","item":"https:\/\/www.tlulib.ee\/en\/for-reader\/"},{"@type":"ListItem","position":3,"name":"Reader registration"}]},{"@type":"WebSite","@id":"https:\/\/www.tlulib.ee\/#website","url":"https:\/\/www.tlulib.ee\/","name":"Tallinna \u00dclikooli Akadeemiline Raamatukogu","description":"Tallinna \u00dclikooli Akadeemiline Raamatukogu","publisher":{"@id":"https:\/\/www.tlulib.ee\/#organization"},"potentialAction":[{"@type":"SearchAction","target":{"@type":"EntryPoint","urlTemplate":"https:\/\/www.tlulib.ee\/?s={search_term_string}"},"query-input":{"@type":"PropertyValueSpecification","valueRequired":true,"valueName":"search_term_string"}}],"inLanguage":"en-US"},{"@type":"Organization","@id":"https:\/\/www.tlulib.ee\/#organization","name":"Tallinna \u00dclikooli Akadeemiline raamatukogu","url":"https:\/\/www.tlulib.ee\/","logo":{"@type":"ImageObject","inLanguage":"en-US","@id":"https:\/\/www.tlulib.ee\/#\/schema\/logo\/image\/","url":"https:\/\/www.tlulib.ee\/wp-content\/uploads\/2020\/12\/Raamatukogu-logo-EST.svg","contentUrl":"https:\/\/www.tlulib.ee\/wp-content\/uploads\/2020\/12\/Raamatukogu-logo-EST.svg","width":1,"height":1,"caption":"Tallinna \u00dclikooli Akadeemiline raamatukogu"},"image":{"@id":"https:\/\/www.tlulib.ee\/#\/schema\/logo\/image\/"},"sameAs":["https:\/\/www.facebook.com\/TLYAR","https:\/\/x.com\/library","https:\/\/www.youtube.com\/channel\/UCO0ocGxeAb7vnQcPHfJp62Q","https:\/\/et.wikipedia.org\/wiki\/Tallinna_\u00dclikooli_Akadeemiline_Raamatukogu"]}]}},"_links":{"self":[{"href":"https:\/\/www.tlulib.ee\/en\/wp-json\/wp\/v2\/pages\/8906","targetHints":{"allow":["GET"]}}],"collection":[{"href":"https:\/\/www.tlulib.ee\/en\/wp-json\/wp\/v2\/pages"}],"about":[{"href":"https:\/\/www.tlulib.ee\/en\/wp-json\/wp\/v2\/types\/page"}],"author":[{"embeddable":true,"href":"https:\/\/www.tlulib.ee\/en\/wp-json\/wp\/v2\/users\/1"}],"replies":[{"embeddable":true,"href":"https:\/\/www.tlulib.ee\/en\/wp-json\/wp\/v2\/comments?post=8906"}],"version-history":[{"count":5,"href":"https:\/\/www.tlulib.ee\/en\/wp-json\/wp\/v2\/pages\/8906\/revisions"}],"predecessor-version":[{"id":19767,"href":"https:\/\/www.tlulib.ee\/en\/wp-json\/wp\/v2\/pages\/8906\/revisions\/19767"}],"up":[{"embeddable":true,"href":"https:\/\/www.tlulib.ee\/en\/wp-json\/wp\/v2\/pages\/8904"}],"wp:attachment":[{"href":"https:\/\/www.tlulib.ee\/en\/wp-json\/wp\/v2\/media?parent=8906"}],"curies":[{"name":"wp","href":"https:\/\/api.w.org\/{rel}","templated":true}]}}