{"id":9804,"date":"2021-05-05T00:23:06","date_gmt":"2021-05-04T21:23:06","guid":{"rendered":"https:\/\/www.tlulib.ee\/databases\/digital-library-etera\/"},"modified":"2022-11-14T11:07:02","modified_gmt":"2022-11-14T09:07:02","slug":"digital-library-etera","status":"publish","type":"page","link":"https:\/\/www.tlulib.ee\/en\/databases\/digital-library-etera\/","title":{"rendered":"Digital Library ETERA"},"content":{"rendered":"\t\t<div data-elementor-type=\"wp-page\" data-elementor-id=\"9804\" class=\"elementor elementor-9804 elementor-147\" data-elementor-post-type=\"page\">\n\t\t\t\t\t\t<section class=\"elementor-section elementor-top-section elementor-element elementor-element-45b89777 elementor-section-full_width elementor-section-height-default elementor-section-height-default\" data-id=\"45b89777\" data-element_type=\"section\">\n\t\t\t\t\t\t<div class=\"elementor-container elementor-column-gap-default\">\n\t\t\t\t\t<div class=\"elementor-column elementor-col-100 elementor-top-column elementor-element elementor-element-25910fa9\" data-id=\"25910fa9\" data-element_type=\"column\">\n\t\t\t<div class=\"elementor-widget-wrap elementor-element-populated\">\n\t\t\t\t\t\t<div class=\"elementor-element elementor-element-e9d16ca elementor-widget elementor-widget-text-editor\" data-id=\"e9d16ca\" data-element_type=\"widget\" data-widget_type=\"text-editor.default\">\n\t\t\t\t<div class=\"elementor-widget-container\">\n\t\t\t\t\t\t\t\t\t<p><strong>&#8220;E-terast t\u00e4rkab m\u00f5te&#8221; \u2013 terast areneb tarkus ja teadus<\/strong><\/p>\n<p>ETERA\u00a0(<a href=\"http:\/\/www.etera.ee\/browse\" target=\"_blank\" rel=\"noopener\">www.etera.ee<\/a>)\u00a0 <img decoding=\"async\" class=\"size-full wp-image-1781 alignright\" src=\"https:\/\/www.tlulib.ee\/wp-content\/uploads\/2021\/01\/etera_logo_veebi_vaike-1.png\" alt=\"\" width=\"200\" height=\"164\" \/><span style=\"font-size: 16px; font-weight: 400;\">is the digital library of the Academic Library of Tallinn University, the purpose of which is to collect and preserve information. The publications available in ETERA are digitised at our library\u2019s Digitisation Centre and span across different academic disciplines. ETERA contains theses and dissertations defended at TLU, study materials, various books, magazines, newspapers, postcards, photos, maps, posters, etc.<\/span><\/p>\n<p><span style=\"font-weight: 400;\">ETERA is a user-friendly platform that can be accessed on all computers and smart devices without downloading any additional software. Resources can be found by using a basic or advanced search and results can be refined by adding filters.<\/span><\/p>\n<p><span style=\"font-weight: 400;\">Some publications in ETERA have restricted access, which means that they can be read only when using the TLU or library\u2019s computer network.<\/span><\/p>\n<p>Questions and feedback to <a href=\"mailto:etera@tlulib.ee\">etera@tlulib.ee<\/a><\/p>\n\t\t\t\t\t\t\t\t<\/div>\n\t\t\t\t<\/div>\n\t\t\t\t<div class=\"elementor-element elementor-element-38e2811 elementor-widget elementor-widget-video\" data-id=\"38e2811\" data-element_type=\"widget\" data-settings=\"{&quot;youtube_url&quot;:&quot;https:\\\/\\\/www.youtube.com\\\/watch?v=zx6f5FZBss0&amp;feature=emb_logo&quot;,&quot;video_type&quot;:&quot;youtube&quot;,&quot;controls&quot;:&quot;yes&quot;}\" data-widget_type=\"video.default\">\n\t\t\t\t<div class=\"elementor-widget-container\">\n\t\t\t\t\t\t\t<div class=\"elementor-wrapper elementor-open-inline\">\n\t\t\t<div class=\"elementor-video\"><\/div>\t\t<\/div>\n\t\t\t\t\t\t<\/div>\n\t\t\t\t<\/div>\n\t\t\t\t\t<\/div>\n\t\t<\/div>\n\t\t\t\t\t<\/div>\n\t\t<\/section>\n\t\t\t\t<\/div>\n\t\t","protected":false},"excerpt":{"rendered":"<p>&#8220;E-terast t\u00e4rkab m\u00f5te&#8221; \u2013 terast areneb tarkus ja teadus ETERA\u00a0(www.etera.ee)\u00a0 is the digital library of the Academic Library of Tallinn University, the purpose of which is to collect and preserve information. The publications available in ETERA are digitised at our library\u2019s Digitisation Centre and span across different academic disciplines. ETERA contains theses and dissertations defended [&hellip;]<\/p>\n","protected":false},"author":1,"featured_media":0,"parent":9798,"menu_order":1,"comment_status":"closed","ping_status":"closed","template":"","meta":{"site-sidebar-layout":"no-sidebar","site-content-layout":"page-builder","ast-site-content-layout":"default","site-content-style":"default","site-sidebar-style":"default","ast-global-header-display":"","ast-banner-title-visibility":"","ast-main-header-display":"","ast-hfb-above-header-display":"","ast-hfb-below-header-display":"","ast-hfb-mobile-header-display":"","site-post-title":"disabled","ast-breadcrumbs-content":"","ast-featured-img":"disabled","footer-sml-layout":"","ast-disable-related-posts":"","theme-transparent-header-meta":"default","adv-header-id-meta":"","stick-header-meta":"","header-above-stick-meta":"","header-main-stick-meta":"","header-below-stick-meta":"","astra-migrate-meta-layouts":"default","ast-page-background-enabled":"default","ast-page-background-meta":{"desktop":{"background-color":"","background-image":"","background-repeat":"repeat","background-position":"center center","background-size":"auto","background-attachment":"scroll","background-type":"","background-media":"","overlay-type":"","overlay-color":"","overlay-opacity":"","overlay-gradient":""},"tablet":{"background-color":"","background-image":"","background-repeat":"repeat","background-position":"center center","background-size":"auto","background-attachment":"scroll","background-type":"","background-media":"","overlay-type":"","overlay-color":"","overlay-opacity":"","overlay-gradient":""},"mobile":{"background-color":"","background-image":"","background-repeat":"repeat","background-position":"center center","background-size":"auto","background-attachment":"scroll","background-type":"","background-media":"","overlay-type":"","overlay-color":"","overlay-opacity":"","overlay-gradient":""}},"ast-content-background-meta":{"desktop":{"background-color":"var(--ast-global-color-5)","background-image":"","background-repeat":"repeat","background-position":"center center","background-size":"auto","background-attachment":"scroll","background-type":"","background-media":"","overlay-type":"","overlay-color":"","overlay-opacity":"","overlay-gradient":""},"tablet":{"background-color":"var(--ast-global-color-5)","background-image":"","background-repeat":"repeat","background-position":"center center","background-size":"auto","background-attachment":"scroll","background-type":"","background-media":"","overlay-type":"","overlay-color":"","overlay-opacity":"","overlay-gradient":""},"mobile":{"background-color":"var(--ast-global-color-5)","background-image":"","background-repeat":"repeat","background-position":"center center","background-size":"auto","background-attachment":"scroll","background-type":"","background-media":"","overlay-type":"","overlay-color":"","overlay-opacity":"","overlay-gradient":""}},"footnotes":""},"class_list":["post-9804","page","type-page","status-publish","hentry"],"yoast_head":"<!-- This site is optimized with the Yoast SEO plugin v26.8 - https:\/\/yoast.com\/product\/yoast-seo-wordpress\/ -->\n<title>Digital Library ETERA &#8212; Tallinna \u00dclikooli Akadeemiline Raamatukogu<\/title>\n<meta name=\"robots\" content=\"index, follow, max-snippet:-1, max-image-preview:large, max-video-preview:-1\" \/>\n<link rel=\"canonical\" href=\"https:\/\/www.tlulib.ee\/andmebaasid\/e-teadusraamatukogu-etera\/\" \/>\n<meta property=\"og:locale\" content=\"en_US\" \/>\n<meta property=\"og:type\" content=\"article\" \/>\n<meta property=\"og:title\" content=\"Digital Library ETERA &#8212; Tallinna \u00dclikooli Akadeemiline Raamatukogu\" \/>\n<meta property=\"og:description\" content=\"&#8220;E-terast t\u00e4rkab m\u00f5te&#8221; \u2013 terast areneb tarkus ja teadus ETERA\u00a0(www.etera.ee)\u00a0 is the digital library of the Academic Library of Tallinn University, the purpose of which is to collect and preserve information. The publications available in ETERA are digitised at our library\u2019s Digitisation Centre and span across different academic disciplines. ETERA contains theses and dissertations defended [&hellip;]\" \/>\n<meta property=\"og:url\" content=\"https:\/\/www.tlulib.ee\/andmebaasid\/e-teadusraamatukogu-etera\/\" \/>\n<meta property=\"og:site_name\" content=\"Tallinna \u00dclikooli Akadeemiline Raamatukogu\" \/>\n<meta property=\"article:publisher\" content=\"https:\/\/www.facebook.com\/TLYAR\" \/>\n<meta property=\"article:modified_time\" content=\"2022-11-14T09:07:02+00:00\" \/>\n<meta property=\"og:image\" content=\"https:\/\/www.tlulib.ee\/wp-content\/uploads\/2021\/01\/etera_logo_veebi_vaike-1.png\" \/>\n<meta name=\"twitter:card\" content=\"summary_large_image\" \/>\n<meta name=\"twitter:site\" content=\"@library\" \/>\n<meta name=\"twitter:label1\" content=\"Est. reading time\" \/>\n\t<meta name=\"twitter:data1\" content=\"1 minute\" \/>\n<script type=\"application\/ld+json\" class=\"yoast-schema-graph\">{\"@context\":\"https:\/\/schema.org\",\"@graph\":[{\"@type\":\"WebPage\",\"@id\":\"https:\/\/www.tlulib.ee\/andmebaasid\/e-teadusraamatukogu-etera\/\",\"url\":\"https:\/\/www.tlulib.ee\/andmebaasid\/e-teadusraamatukogu-etera\/\",\"name\":\"Digital Library ETERA &#8212; Tallinna \u00dclikooli Akadeemiline Raamatukogu\",\"isPartOf\":{\"@id\":\"https:\/\/www.tlulib.ee\/#website\"},\"primaryImageOfPage\":{\"@id\":\"https:\/\/www.tlulib.ee\/andmebaasid\/e-teadusraamatukogu-etera\/#primaryimage\"},\"image\":{\"@id\":\"https:\/\/www.tlulib.ee\/andmebaasid\/e-teadusraamatukogu-etera\/#primaryimage\"},\"thumbnailUrl\":\"https:\/\/www.tlulib.ee\/wp-content\/uploads\/2021\/01\/etera_logo_veebi_vaike-1.png\",\"datePublished\":\"2021-05-04T21:23:06+00:00\",\"dateModified\":\"2022-11-14T09:07:02+00:00\",\"breadcrumb\":{\"@id\":\"https:\/\/www.tlulib.ee\/andmebaasid\/e-teadusraamatukogu-etera\/#breadcrumb\"},\"inLanguage\":\"en-US\",\"potentialAction\":[{\"@type\":\"ReadAction\",\"target\":[\"https:\/\/www.tlulib.ee\/andmebaasid\/e-teadusraamatukogu-etera\/\"]}]},{\"@type\":\"ImageObject\",\"inLanguage\":\"en-US\",\"@id\":\"https:\/\/www.tlulib.ee\/andmebaasid\/e-teadusraamatukogu-etera\/#primaryimage\",\"url\":\"https:\/\/www.tlulib.ee\/wp-content\/uploads\/2021\/01\/etera_logo_veebi_vaike-1.png\",\"contentUrl\":\"https:\/\/www.tlulib.ee\/wp-content\/uploads\/2021\/01\/etera_logo_veebi_vaike-1.png\"},{\"@type\":\"BreadcrumbList\",\"@id\":\"https:\/\/www.tlulib.ee\/andmebaasid\/e-teadusraamatukogu-etera\/#breadcrumb\",\"itemListElement\":[{\"@type\":\"ListItem\",\"position\":1,\"name\":\"Home\",\"item\":\"https:\/\/www.tlulib.ee\/en\/\"},{\"@type\":\"ListItem\",\"position\":2,\"name\":\"Databases\",\"item\":\"https:\/\/www.tlulib.ee\/andmebaasid\/\"},{\"@type\":\"ListItem\",\"position\":3,\"name\":\"Digital Library ETERA\"}]},{\"@type\":\"WebSite\",\"@id\":\"https:\/\/www.tlulib.ee\/#website\",\"url\":\"https:\/\/www.tlulib.ee\/\",\"name\":\"Tallinna \u00dclikooli Akadeemiline Raamatukogu\",\"description\":\"Tallinna \u00dclikooli Akadeemiline Raamatukogu\",\"publisher\":{\"@id\":\"https:\/\/www.tlulib.ee\/#organization\"},\"potentialAction\":[{\"@type\":\"SearchAction\",\"target\":{\"@type\":\"EntryPoint\",\"urlTemplate\":\"https:\/\/www.tlulib.ee\/?s={search_term_string}\"},\"query-input\":{\"@type\":\"PropertyValueSpecification\",\"valueRequired\":true,\"valueName\":\"search_term_string\"}}],\"inLanguage\":\"en-US\"},{\"@type\":\"Organization\",\"@id\":\"https:\/\/www.tlulib.ee\/#organization\",\"name\":\"Tallinna \u00dclikooli Akadeemiline raamatukogu\",\"url\":\"https:\/\/www.tlulib.ee\/\",\"logo\":{\"@type\":\"ImageObject\",\"inLanguage\":\"en-US\",\"@id\":\"https:\/\/www.tlulib.ee\/#\/schema\/logo\/image\/\",\"url\":\"https:\/\/www.tlulib.ee\/wp-content\/uploads\/2020\/12\/Raamatukogu-logo-EST.svg\",\"contentUrl\":\"https:\/\/www.tlulib.ee\/wp-content\/uploads\/2020\/12\/Raamatukogu-logo-EST.svg\",\"width\":1,\"height\":1,\"caption\":\"Tallinna \u00dclikooli Akadeemiline raamatukogu\"},\"image\":{\"@id\":\"https:\/\/www.tlulib.ee\/#\/schema\/logo\/image\/\"},\"sameAs\":[\"https:\/\/www.facebook.com\/TLYAR\",\"https:\/\/x.com\/library\",\"https:\/\/www.youtube.com\/channel\/UCO0ocGxeAb7vnQcPHfJp62Q\",\"https:\/\/et.wikipedia.org\/wiki\/Tallinna_\u00dclikooli_Akadeemiline_Raamatukogu\"]}]}<\/script>\n<!-- \/ Yoast SEO plugin. -->","yoast_head_json":{"title":"Digital Library ETERA &#8212; Tallinna \u00dclikooli Akadeemiline Raamatukogu","robots":{"index":"index","follow":"follow","max-snippet":"max-snippet:-1","max-image-preview":"max-image-preview:large","max-video-preview":"max-video-preview:-1"},"canonical":"https:\/\/www.tlulib.ee\/andmebaasid\/e-teadusraamatukogu-etera\/","og_locale":"en_US","og_type":"article","og_title":"Digital Library ETERA &#8212; Tallinna \u00dclikooli Akadeemiline Raamatukogu","og_description":"&#8220;E-terast t\u00e4rkab m\u00f5te&#8221; \u2013 terast areneb tarkus ja teadus ETERA\u00a0(www.etera.ee)\u00a0 is the digital library of the Academic Library of Tallinn University, the purpose of which is to collect and preserve information. The publications available in ETERA are digitised at our library\u2019s Digitisation Centre and span across different academic disciplines. ETERA contains theses and dissertations defended [&hellip;]","og_url":"https:\/\/www.tlulib.ee\/andmebaasid\/e-teadusraamatukogu-etera\/","og_site_name":"Tallinna \u00dclikooli Akadeemiline Raamatukogu","article_publisher":"https:\/\/www.facebook.com\/TLYAR","article_modified_time":"2022-11-14T09:07:02+00:00","og_image":[{"url":"https:\/\/www.tlulib.ee\/wp-content\/uploads\/2021\/01\/etera_logo_veebi_vaike-1.png","type":"","width":"","height":""}],"twitter_card":"summary_large_image","twitter_site":"@library","twitter_misc":{"Est. reading time":"1 minute"},"schema":{"@context":"https:\/\/schema.org","@graph":[{"@type":"WebPage","@id":"https:\/\/www.tlulib.ee\/andmebaasid\/e-teadusraamatukogu-etera\/","url":"https:\/\/www.tlulib.ee\/andmebaasid\/e-teadusraamatukogu-etera\/","name":"Digital Library ETERA &#8212; Tallinna \u00dclikooli Akadeemiline Raamatukogu","isPartOf":{"@id":"https:\/\/www.tlulib.ee\/#website"},"primaryImageOfPage":{"@id":"https:\/\/www.tlulib.ee\/andmebaasid\/e-teadusraamatukogu-etera\/#primaryimage"},"image":{"@id":"https:\/\/www.tlulib.ee\/andmebaasid\/e-teadusraamatukogu-etera\/#primaryimage"},"thumbnailUrl":"https:\/\/www.tlulib.ee\/wp-content\/uploads\/2021\/01\/etera_logo_veebi_vaike-1.png","datePublished":"2021-05-04T21:23:06+00:00","dateModified":"2022-11-14T09:07:02+00:00","breadcrumb":{"@id":"https:\/\/www.tlulib.ee\/andmebaasid\/e-teadusraamatukogu-etera\/#breadcrumb"},"inLanguage":"en-US","potentialAction":[{"@type":"ReadAction","target":["https:\/\/www.tlulib.ee\/andmebaasid\/e-teadusraamatukogu-etera\/"]}]},{"@type":"ImageObject","inLanguage":"en-US","@id":"https:\/\/www.tlulib.ee\/andmebaasid\/e-teadusraamatukogu-etera\/#primaryimage","url":"https:\/\/www.tlulib.ee\/wp-content\/uploads\/2021\/01\/etera_logo_veebi_vaike-1.png","contentUrl":"https:\/\/www.tlulib.ee\/wp-content\/uploads\/2021\/01\/etera_logo_veebi_vaike-1.png"},{"@type":"BreadcrumbList","@id":"https:\/\/www.tlulib.ee\/andmebaasid\/e-teadusraamatukogu-etera\/#breadcrumb","itemListElement":[{"@type":"ListItem","position":1,"name":"Home","item":"https:\/\/www.tlulib.ee\/en\/"},{"@type":"ListItem","position":2,"name":"Databases","item":"https:\/\/www.tlulib.ee\/andmebaasid\/"},{"@type":"ListItem","position":3,"name":"Digital Library ETERA"}]},{"@type":"WebSite","@id":"https:\/\/www.tlulib.ee\/#website","url":"https:\/\/www.tlulib.ee\/","name":"Tallinna \u00dclikooli Akadeemiline Raamatukogu","description":"Tallinna \u00dclikooli Akadeemiline Raamatukogu","publisher":{"@id":"https:\/\/www.tlulib.ee\/#organization"},"potentialAction":[{"@type":"SearchAction","target":{"@type":"EntryPoint","urlTemplate":"https:\/\/www.tlulib.ee\/?s={search_term_string}"},"query-input":{"@type":"PropertyValueSpecification","valueRequired":true,"valueName":"search_term_string"}}],"inLanguage":"en-US"},{"@type":"Organization","@id":"https:\/\/www.tlulib.ee\/#organization","name":"Tallinna \u00dclikooli Akadeemiline raamatukogu","url":"https:\/\/www.tlulib.ee\/","logo":{"@type":"ImageObject","inLanguage":"en-US","@id":"https:\/\/www.tlulib.ee\/#\/schema\/logo\/image\/","url":"https:\/\/www.tlulib.ee\/wp-content\/uploads\/2020\/12\/Raamatukogu-logo-EST.svg","contentUrl":"https:\/\/www.tlulib.ee\/wp-content\/uploads\/2020\/12\/Raamatukogu-logo-EST.svg","width":1,"height":1,"caption":"Tallinna \u00dclikooli Akadeemiline raamatukogu"},"image":{"@id":"https:\/\/www.tlulib.ee\/#\/schema\/logo\/image\/"},"sameAs":["https:\/\/www.facebook.com\/TLYAR","https:\/\/x.com\/library","https:\/\/www.youtube.com\/channel\/UCO0ocGxeAb7vnQcPHfJp62Q","https:\/\/et.wikipedia.org\/wiki\/Tallinna_\u00dclikooli_Akadeemiline_Raamatukogu"]}]}},"_links":{"self":[{"href":"https:\/\/www.tlulib.ee\/en\/wp-json\/wp\/v2\/pages\/9804","targetHints":{"allow":["GET"]}}],"collection":[{"href":"https:\/\/www.tlulib.ee\/en\/wp-json\/wp\/v2\/pages"}],"about":[{"href":"https:\/\/www.tlulib.ee\/en\/wp-json\/wp\/v2\/types\/page"}],"author":[{"embeddable":true,"href":"https:\/\/www.tlulib.ee\/en\/wp-json\/wp\/v2\/users\/1"}],"replies":[{"embeddable":true,"href":"https:\/\/www.tlulib.ee\/en\/wp-json\/wp\/v2\/comments?post=9804"}],"version-history":[{"count":2,"href":"https:\/\/www.tlulib.ee\/en\/wp-json\/wp\/v2\/pages\/9804\/revisions"}],"predecessor-version":[{"id":13475,"href":"https:\/\/www.tlulib.ee\/en\/wp-json\/wp\/v2\/pages\/9804\/revisions\/13475"}],"up":[{"embeddable":true,"href":"https:\/\/www.tlulib.ee\/en\/wp-json\/wp\/v2\/pages\/9798"}],"wp:attachment":[{"href":"https:\/\/www.tlulib.ee\/en\/wp-json\/wp\/v2\/media?parent=9804"}],"curies":[{"name":"wp","href":"https:\/\/api.w.org\/{rel}","templated":true}]}}